{"id":536,"date":"2020-09-14T13:32:35","date_gmt":"2020-09-14T11:32:35","guid":{"rendered":"https:\/\/www.bootbemiddeling.nl\/boot-verkopen\/"},"modified":"2026-02-17T09:59:06","modified_gmt":"2026-02-17T08:59:06","slug":"verkopen","status":"publish","type":"page","link":"https:\/\/www.bootbemiddeling.nl\/de\/verkopen\/","title":{"rendered":"Boot verkaufen"},"content":{"rendered":"<section class=\"wpb-content-wrapper\"><p>[vc_row css_animation=&#8220;&#8220; row_type=&#8220;row&#8220; use_row_as_full_screen_section=&#8220;no&#8220; type=&#8220;full_width&#8220; angled_section=&#8220;no&#8220; text_align=&#8220;left&#8220; background_image_as_pattern=&#8220;without_pattern&#8220; el_class=&#8220;min-height-header&#8220; z_index=&#8220;&#8220; css=&#8220;.vc_custom_1600084418475{background-image: url(https:\/\/www.bootbemiddeling.nl\/wp-content\/uploads\/2020\/09\/boot-verkopen-header.jpg?id=300) !important;}&#8220;][vc_column][\/vc_column][\/vc_row][vc_row css_animation=&#8220;&#8220; row_type=&#8220;row&#8220; use_row_as_full_screen_section=&#8220;no&#8220; type=&#8220;full_width&#8220; angled_section=&#8220;no&#8220; text_align=&#8220;left&#8220; background_image_as_pattern=&#8220;without_pattern&#8220; css=&#8220;.vc_custom_1569325532231{padding-top: 60px !important;padding-bottom: 60px !important;}&#8220; z_index=&#8220;&#8220;][vc_column][vc_row_inner row_type=&#8220;row&#8220; type=&#8220;grid&#8220; text_align=&#8220;left&#8220; css_animation=&#8220;&#8220; el_class=&#8220;flex-this-content&#8220;][vc_column_inner width=&#8220;1\/2&#8243;][vc_single_image image=&#8220;299&#8243; img_size=&#8220;full&#8220; qode_css_animation=&#8220;&#8220;][\/vc_column_inner][vc_column_inner width=&#8220;1\/2&#8243;][vc_column_text]<\/p>\n<h1>Ihr <span class=\"bolder-head\">boot verkaufen<\/span><\/h1>\n<p>[\/vc_column_text][vc_column_text]Bei Bootbemiddeling.nl geht es um mehr als einen schnellen Verkauf zu einem fairen, guten Preis. Mit der richtigen Sorgfalt und Aufmerksamkeit helfen wir Ihnen, Ihr Boot zu verkaufen. Das hei\u00dft, wir nehmen Ihnen gerne alle Sorgen ab. Mit einer visuellen 360-Grad-Pr\u00e4sentation und Werbung auf globaler Ebene sorgen wir daf\u00fcr, dass Ihre Jacht gesehen wird und dass alle Highlights Ihrer Jacht hervorgehoben werden. Neben einer gro\u00dfen Reichweite bieten wir auch professionelle und pers\u00f6nliche Beratung bei Besichtigungen, Verkaufsvorbereitung und finanzieller Abwicklung. Kurz gesagt, jeder Schritt im Verkaufsprozess ist f\u00fcr uns wichtig. Und genau diese komplette Reise, vom Kennenlernen von Ihnen und Ihrer Jacht bis zum gemeinsamen Verkaufsabschluss, ist es, die uns so eng zusammenschwei\u00dft. Wir lernen Sie und Ihre Jacht gerne kennen, damit wir Sie bei einem Verkauf, von dem Sie sprechen, optimal unterst\u00fctzen k\u00f6nnen:<\/p>\n<p><strong>Das f\u00fchlt sich gut an, das f\u00fchlt sich vertraut an, das ist es, was ich tun werde.<\/strong>[\/vc_column_text][\/vc_column_inner][\/vc_row_inner][\/vc_column][\/vc_row][vc_row css_animation=&#8220;&#8220; row_type=&#8220;row&#8220; use_row_as_full_screen_section=&#8220;no&#8220; type=&#8220;full_width&#8220; angled_section=&#8220;no&#8220; text_align=&#8220;left&#8220; background_image_as_pattern=&#8220;without_pattern&#8220; css=&#8220;.vc_custom_1600085601726{padding-top: 60px !important;padding-bottom: 50px !important;background-color: #f5f5f5 !important;}&#8220; z_index=&#8220;&#8220;][vc_column][vc_row_inner row_type=&#8220;row&#8220; type=&#8220;grid&#8220; text_align=&#8220;center&#8220; css_animation=&#8220;&#8220; css=&#8220;.vc_custom_1600082571898{padding-bottom: 20px !important;}&#8220;][vc_column_inner][vc_column_text]<\/p>\n<h2><span class=\"bolder-head\">Bootverkaufformular<\/span><\/h2>\n<p>[\/vc_column_text][\/vc_column_inner][\/vc_row_inner][vc_row_inner row_type=&#8220;row&#8220; type=&#8220;grid&#8220; text_align=&#8220;left&#8220; css_animation=&#8220;&#8220;][vc_column_inner][vc_column_text el_class=&#8220;max-width-form&#8220;]\n<div class=\"wpcf7 no-js\" id=\"wpcf7-f540-o1\" lang=\"nl-NL\" dir=\"ltr\" data-wpcf7-id=\"540\">\n<div class=\"screen-reader-response\"><p role=\"status\" aria-live=\"polite\" aria-atomic=\"true\"><\/p> <ul><\/ul><\/div>\n<form action=\"\/de\/wp-json\/wp\/v2\/pages\/536#wpcf7-f540-o1\" method=\"post\" class=\"wpcf7-form init\" aria-label=\"Contactformulier\" enctype=\"multipart\/form-data\" novalidate=\"novalidate\" data-status=\"init\">\n<fieldset class=\"hidden-fields-container\"><input type=\"hidden\" name=\"_wpcf7\" value=\"540\" \/><input type=\"hidden\" name=\"_wpcf7_version\" value=\"6.1.1\" \/><input type=\"hidden\" name=\"_wpcf7_locale\" value=\"nl_NL\" \/><input type=\"hidden\" name=\"_wpcf7_unit_tag\" value=\"wpcf7-f540-o1\" \/><input type=\"hidden\" name=\"_wpcf7_container_post\" value=\"0\" \/><input type=\"hidden\" name=\"_wpcf7_posted_data_hash\" value=\"\" \/><input type=\"hidden\" name=\"_wpcf7_recaptcha_response\" value=\"\" \/>\n<\/fieldset>\n<h4>Ihre Angaben\n<\/h4>\n<p><label> Vor- und Nachname*<br \/>\n<span class=\"wpcf7-form-control-wrap\" data-name=\"uw-naam\"><input size=\"40\" maxlength=\"400\" class=\"wpcf7-form-control wpcf7-text wpcf7-validates-as-required\" aria-required=\"true\" aria-invalid=\"false\" value=\"\" type=\"text\" name=\"uw-naam\" \/><\/span> <\/label>\n<\/p>\n<p><label> E-Mail-Adresse*<br \/>\n<span class=\"wpcf7-form-control-wrap\" data-name=\"uw-emailadres\"><input size=\"40\" maxlength=\"400\" class=\"wpcf7-form-control wpcf7-email wpcf7-validates-as-required wpcf7-text wpcf7-validates-as-email\" aria-required=\"true\" aria-invalid=\"false\" value=\"\" type=\"email\" name=\"uw-emailadres\" \/><\/span> <\/label>\n<\/p>\n<p><label> Telefonnummer*<br \/>\n<span class=\"wpcf7-form-control-wrap\" data-name=\"uw-telefoonnummer\"><input size=\"40\" maxlength=\"400\" class=\"wpcf7-form-control wpcf7-tel wpcf7-validates-as-required wpcf7-text wpcf7-validates-as-tel\" aria-required=\"true\" aria-invalid=\"false\" value=\"\" type=\"tel\" name=\"uw-telefoonnummer\" \/><\/span><\/label>\n<\/p>\n<h4>Angaben zum Boot\n<\/h4>\n<p><label> Marke und Typ des Bootes*<br \/>\n<span class=\"wpcf7-form-control-wrap\" data-name=\"merktype\"><input size=\"40\" maxlength=\"400\" class=\"wpcf7-form-control wpcf7-text wpcf7-validates-as-required\" aria-required=\"true\" aria-invalid=\"false\" value=\"\" type=\"text\" name=\"merktype\" \/><\/span> <\/label>\n<\/p>\n<p><label> L\u00e4nge*<br \/>\n<span class=\"wpcf7-form-control-wrap\" data-name=\"lengte\"><input size=\"40\" maxlength=\"400\" class=\"wpcf7-form-control wpcf7-text wpcf7-validates-as-required\" aria-required=\"true\" aria-invalid=\"false\" value=\"\" type=\"text\" name=\"lengte\" \/><\/span> <\/label>\n<\/p>\n<p><label> Baujahr*<br \/>\n<span class=\"wpcf7-form-control-wrap\" data-name=\"bouwjaar\"><input size=\"40\" maxlength=\"400\" class=\"wpcf7-form-control wpcf7-text wpcf7-validates-as-required\" aria-required=\"true\" aria-invalid=\"false\" value=\"\" type=\"text\" name=\"bouwjaar\" \/><\/span> <\/label>\n<\/p>\n<p><label> Preisangaben<br \/>\n<span class=\"wpcf7-form-control-wrap\" data-name=\"prijsindicatie\"><input size=\"40\" maxlength=\"400\" class=\"wpcf7-form-control wpcf7-text\" aria-invalid=\"false\" value=\"\" type=\"text\" name=\"prijsindicatie\" \/><\/span> <\/label>\n<\/p>\n<h4>Angaben zum Boot\n<\/h4>\n<p><label> Ein Foto vom Boot heraufladen<br \/>\n<span class=\"wpcf7-form-control-wrap inkoopinruilfotos\" style=\"position: static;\"><input size=\"40\" class=\"wpcf7-form-control wpcf7-dropuploader\" accept=\"image\/gif,image\/png,image\/jpeg,image\/jpeg\" data-maxfilesize=\"1500000\" aria-invalid=\"false\" type=\"file\" name=\"inkoopinruilfotos[]\" multiple=\"multiple\" data-count=\"1\" \/><\/span> <\/label>\n<\/p>\n<p><label> Bemerkungen<br \/>\n<span class=\"wpcf7-form-control-wrap\" data-name=\"bericht\"><textarea cols=\"40\" rows=\"10\" maxlength=\"2000\" class=\"wpcf7-form-control wpcf7-textarea\" aria-invalid=\"false\" name=\"bericht\"><\/textarea><\/span> <\/label>\n<\/p>\n\n<p><input class=\"wpcf7-form-control wpcf7-submit has-spinner\" type=\"submit\" value=\"Versenden\" \/>\n<\/p><input type='hidden' class='wpcf7-pum' value='{\"closepopup\":false,\"closedelay\":0,\"openpopup\":false,\"openpopup_id\":0}' \/><div class=\"wpcf7-response-output\" aria-hidden=\"true\"><\/div>\n<\/form>\n<\/div>\n[\/vc_column_text][\/vc_column_inner][\/vc_row_inner][\/vc_column][\/vc_row]<\/p>\n<\/section>","protected":false},"excerpt":{"rendered":"<p>[vc_row css_animation=&#8220;&#8220; row_type=&#8220;row&#8220; use_row_as_full_screen_section=&#8220;no&#8220; type=&#8220;full_width&#8220; angled_section=&#8220;no&#8220; text_align=&#8220;left&#8220; background_image_as_pattern=&#8220;without_pattern&#8220; el_class=&#8220;min-height-header&#8220; z_index=&#8220;&#8220; css=&#8220;.vc_custom_1600084418475{background-image: url(https:\/\/www.bootbemiddeling.nl\/wp-content\/uploads\/2020\/09\/boot-verkopen-header.jpg?id=300) !important;}&#8220;][vc_column][\/vc_column][\/vc_row][vc_row css_animation=&#8220;&#8220; row_type=&#8220;row&#8220; use_row_as_full_screen_section=&#8220;no&#8220; type=&#8220;full_width&#8220; angled_section=&#8220;no&#8220; text_align=&#8220;left&#8220; background_image_as_pattern=&#8220;without_pattern&#8220; css=&#8220;.vc_custom_1569325532231{padding-top: 60px !important;padding-bottom: 60px !important;}&#8220; z_index=&#8220;&#8220;][vc_column][vc_row_inner row_type=&#8220;row&#8220; type=&#8220;grid&#8220; text_align=&#8220;left&#8220; css_animation=&#8220;&#8220; el_class=&#8220;flex-this-content&#8220;][vc_column_inner width=&#8220;1\/2&#8243;][vc_single_image image=&#8220;299&#8243; img_size=&#8220;full&#8220; qode_css_animation=&#8220;&#8220;][\/vc_column_inner][vc_column_inner width=&#8220;1\/2&#8243;][vc_column_text] Ihr boot verkaufen [\/vc_column_text][vc_column_text]Bei Bootbemiddeling.nl geht es um mehr&#8230;<\/p>\n","protected":false},"author":4,"featured_media":0,"parent":0,"menu_order":0,"comment_status":"closed","ping_status":"closed","template":"full_width.php","meta":{"footnotes":""},"class_list":["post-536","page","type-page","status-publish","hentry"],"yoast_head":"<!-- This site is optimized with the Yoast SEO plugin v27.4 - https:\/\/yoast.com\/product\/yoast-seo-wordpress\/ -->\n<title>Verkaufen Sie Ihr Boot sorgenfrei und zum besten Preis | Bootbemiddeling.nl<\/title>\n<meta name=\"description\" content=\"Sie m\u00f6chten Ihr Boot zu einem guten Verkaufspreis verkaufen? Bootbemiddeling ist mehr als nur ein schneller Verkauf.\" \/>\n<meta name=\"robots\" content=\"index, follow, max-snippet:-1, max-image-preview:large, max-video-preview:-1\" \/>\n<link rel=\"canonical\" href=\"https:\/\/www.bootbemiddeling.nl\/de\/verkopen\/\" \/>\n<meta property=\"og:locale\" content=\"de_DE\" \/>\n<meta property=\"og:type\" content=\"article\" \/>\n<meta property=\"og:title\" content=\"Verkaufen Sie Ihr Boot sorgenfrei und zum besten Preis | Bootbemiddeling.nl\" \/>\n<meta property=\"og:description\" content=\"Sie m\u00f6chten Ihr Boot zu einem guten Verkaufspreis verkaufen? Bootbemiddeling ist mehr als nur ein schneller Verkauf.\" \/>\n<meta property=\"og:url\" content=\"https:\/\/www.bootbemiddeling.nl\/de\/verkopen\/\" \/>\n<meta property=\"og:site_name\" content=\"Bootbemiddeling\" \/>\n<meta property=\"article:modified_time\" content=\"2026-02-17T08:59:06+00:00\" \/>\n<script type=\"application\/ld+json\" class=\"yoast-schema-graph\">{\"@context\":\"https:\\\/\\\/schema.org\",\"@graph\":[{\"@type\":\"WebPage\",\"@id\":\"https:\\\/\\\/www.bootbemiddeling.nl\\\/de\\\/verkopen\\\/\",\"url\":\"https:\\\/\\\/www.bootbemiddeling.nl\\\/de\\\/verkopen\\\/\",\"name\":\"Verkaufen Sie Ihr Boot sorgenfrei und zum besten Preis | Bootbemiddeling.nl\",\"isPartOf\":{\"@id\":\"https:\\\/\\\/www.bootbemiddeling.nl\\\/#website\"},\"datePublished\":\"2020-09-14T11:32:35+00:00\",\"dateModified\":\"2026-02-17T08:59:06+00:00\",\"description\":\"Sie m\u00f6chten Ihr Boot zu einem guten Verkaufspreis verkaufen? Bootbemiddeling ist mehr als nur ein schneller Verkauf.\",\"breadcrumb\":{\"@id\":\"https:\\\/\\\/www.bootbemiddeling.nl\\\/de\\\/verkopen\\\/#breadcrumb\"},\"inLanguage\":\"de\",\"potentialAction\":[{\"@type\":\"ReadAction\",\"target\":[\"https:\\\/\\\/www.bootbemiddeling.nl\\\/de\\\/verkopen\\\/\"]}]},{\"@type\":\"BreadcrumbList\",\"@id\":\"https:\\\/\\\/www.bootbemiddeling.nl\\\/de\\\/verkopen\\\/#breadcrumb\",\"itemListElement\":[{\"@type\":\"ListItem\",\"position\":1,\"name\":\"Home\",\"item\":\"https:\\\/\\\/www.bootbemiddeling.nl\\\/de\\\/\"},{\"@type\":\"ListItem\",\"position\":2,\"name\":\"Boot verkaufen\"}]},{\"@type\":\"WebSite\",\"@id\":\"https:\\\/\\\/www.bootbemiddeling.nl\\\/#website\",\"url\":\"https:\\\/\\\/www.bootbemiddeling.nl\\\/\",\"name\":\"Bootbemiddeling\",\"description\":\"Wekelijks wisselend boten aanbod!\",\"publisher\":{\"@id\":\"https:\\\/\\\/www.bootbemiddeling.nl\\\/#organization\"},\"potentialAction\":[{\"@type\":\"SearchAction\",\"target\":{\"@type\":\"EntryPoint\",\"urlTemplate\":\"https:\\\/\\\/www.bootbemiddeling.nl\\\/?s={search_term_string}\"},\"query-input\":{\"@type\":\"PropertyValueSpecification\",\"valueRequired\":true,\"valueName\":\"search_term_string\"}}],\"inLanguage\":\"de\"},{\"@type\":\"Organization\",\"@id\":\"https:\\\/\\\/www.bootbemiddeling.nl\\\/#organization\",\"name\":\"Bootbemiddeling.nl\",\"url\":\"https:\\\/\\\/www.bootbemiddeling.nl\\\/\",\"logo\":{\"@type\":\"ImageObject\",\"inLanguage\":\"de\",\"@id\":\"https:\\\/\\\/www.bootbemiddeling.nl\\\/#\\\/schema\\\/logo\\\/image\\\/\",\"url\":\"https:\\\/\\\/www.bootbemiddeling.nl\\\/wp-content\\\/uploads\\\/2019\\\/09\\\/bootbemiddeling-logo-kleur-1.png\",\"contentUrl\":\"https:\\\/\\\/www.bootbemiddeling.nl\\\/wp-content\\\/uploads\\\/2019\\\/09\\\/bootbemiddeling-logo-kleur-1.png\",\"width\":275,\"height\":180,\"caption\":\"Bootbemiddeling.nl\"},\"image\":{\"@id\":\"https:\\\/\\\/www.bootbemiddeling.nl\\\/#\\\/schema\\\/logo\\\/image\\\/\"}}]}<\/script>\n<!-- \/ Yoast SEO plugin. -->","yoast_head_json":{"title":"Verkaufen Sie Ihr Boot sorgenfrei und zum besten Preis | Bootbemiddeling.nl","description":"Sie m\u00f6chten Ihr Boot zu einem guten Verkaufspreis verkaufen? Bootbemiddeling ist mehr als nur ein schneller Verkauf.","robots":{"index":"index","follow":"follow","max-snippet":"max-snippet:-1","max-image-preview":"max-image-preview:large","max-video-preview":"max-video-preview:-1"},"canonical":"https:\/\/www.bootbemiddeling.nl\/de\/verkopen\/","og_locale":"de_DE","og_type":"article","og_title":"Verkaufen Sie Ihr Boot sorgenfrei und zum besten Preis | Bootbemiddeling.nl","og_description":"Sie m\u00f6chten Ihr Boot zu einem guten Verkaufspreis verkaufen? Bootbemiddeling ist mehr als nur ein schneller Verkauf.","og_url":"https:\/\/www.bootbemiddeling.nl\/de\/verkopen\/","og_site_name":"Bootbemiddeling","article_modified_time":"2026-02-17T08:59:06+00:00","schema":{"@context":"https:\/\/schema.org","@graph":[{"@type":"WebPage","@id":"https:\/\/www.bootbemiddeling.nl\/de\/verkopen\/","url":"https:\/\/www.bootbemiddeling.nl\/de\/verkopen\/","name":"Verkaufen Sie Ihr Boot sorgenfrei und zum besten Preis | Bootbemiddeling.nl","isPartOf":{"@id":"https:\/\/www.bootbemiddeling.nl\/#website"},"datePublished":"2020-09-14T11:32:35+00:00","dateModified":"2026-02-17T08:59:06+00:00","description":"Sie m\u00f6chten Ihr Boot zu einem guten Verkaufspreis verkaufen? Bootbemiddeling ist mehr als nur ein schneller Verkauf.","breadcrumb":{"@id":"https:\/\/www.bootbemiddeling.nl\/de\/verkopen\/#breadcrumb"},"inLanguage":"de","potentialAction":[{"@type":"ReadAction","target":["https:\/\/www.bootbemiddeling.nl\/de\/verkopen\/"]}]},{"@type":"BreadcrumbList","@id":"https:\/\/www.bootbemiddeling.nl\/de\/verkopen\/#breadcrumb","itemListElement":[{"@type":"ListItem","position":1,"name":"Home","item":"https:\/\/www.bootbemiddeling.nl\/de\/"},{"@type":"ListItem","position":2,"name":"Boot verkaufen"}]},{"@type":"WebSite","@id":"https:\/\/www.bootbemiddeling.nl\/#website","url":"https:\/\/www.bootbemiddeling.nl\/","name":"Bootbemiddeling","description":"Wekelijks wisselend boten aanbod!","publisher":{"@id":"https:\/\/www.bootbemiddeling.nl\/#organization"},"potentialAction":[{"@type":"SearchAction","target":{"@type":"EntryPoint","urlTemplate":"https:\/\/www.bootbemiddeling.nl\/?s={search_term_string}"},"query-input":{"@type":"PropertyValueSpecification","valueRequired":true,"valueName":"search_term_string"}}],"inLanguage":"de"},{"@type":"Organization","@id":"https:\/\/www.bootbemiddeling.nl\/#organization","name":"Bootbemiddeling.nl","url":"https:\/\/www.bootbemiddeling.nl\/","logo":{"@type":"ImageObject","inLanguage":"de","@id":"https:\/\/www.bootbemiddeling.nl\/#\/schema\/logo\/image\/","url":"https:\/\/www.bootbemiddeling.nl\/wp-content\/uploads\/2019\/09\/bootbemiddeling-logo-kleur-1.png","contentUrl":"https:\/\/www.bootbemiddeling.nl\/wp-content\/uploads\/2019\/09\/bootbemiddeling-logo-kleur-1.png","width":275,"height":180,"caption":"Bootbemiddeling.nl"},"image":{"@id":"https:\/\/www.bootbemiddeling.nl\/#\/schema\/logo\/image\/"}}]}},"_links":{"self":[{"href":"https:\/\/www.bootbemiddeling.nl\/de\/wp-json\/wp\/v2\/pages\/536","targetHints":{"allow":["GET"]}}],"collection":[{"href":"https:\/\/www.bootbemiddeling.nl\/de\/wp-json\/wp\/v2\/pages"}],"about":[{"href":"https:\/\/www.bootbemiddeling.nl\/de\/wp-json\/wp\/v2\/types\/page"}],"author":[{"embeddable":true,"href":"https:\/\/www.bootbemiddeling.nl\/de\/wp-json\/wp\/v2\/users\/4"}],"replies":[{"embeddable":true,"href":"https:\/\/www.bootbemiddeling.nl\/de\/wp-json\/wp\/v2\/comments?post=536"}],"version-history":[{"count":4,"href":"https:\/\/www.bootbemiddeling.nl\/de\/wp-json\/wp\/v2\/pages\/536\/revisions"}],"predecessor-version":[{"id":541,"href":"https:\/\/www.bootbemiddeling.nl\/de\/wp-json\/wp\/v2\/pages\/536\/revisions\/541"}],"wp:attachment":[{"href":"https:\/\/www.bootbemiddeling.nl\/de\/wp-json\/wp\/v2\/media?parent=536"}],"curies":[{"name":"wp","href":"https:\/\/api.w.org\/{rel}","templated":true}]}}