{"id":589,"date":"2020-09-14T13:32:35","date_gmt":"2020-09-14T11:32:35","guid":{"rendered":"https:\/\/www.bootbemiddeling.nl\/boot-verkopen\/"},"modified":"2021-06-22T13:59:25","modified_gmt":"2021-06-22T11:59:25","slug":"vendre-un-bateau","status":"publish","type":"page","link":"https:\/\/www.bootbemiddeling.nl\/fr\/vendre-un-bateau\/","title":{"rendered":"Vendre un bateau"},"content":{"rendered":"<section class=\"wpb-content-wrapper\"><p>[vc_row css_animation=\u00a0\u00bb\u00a0\u00bb row_type=\u00a0\u00bbrow\u00a0\u00bb use_row_as_full_screen_section=\u00a0\u00bbno\u00a0\u00bb type=\u00a0\u00bbfull_width\u00a0\u00bb angled_section=\u00a0\u00bbno\u00a0\u00bb text_align=\u00a0\u00bbleft\u00a0\u00bb background_image_as_pattern=\u00a0\u00bbwithout_pattern\u00a0\u00bb el_class=\u00a0\u00bbmin-height-header\u00a0\u00bb z_index=\u00a0\u00bb\u00a0\u00bb css=\u00a0\u00bb.vc_custom_1600084418475{background-image: url(https:\/\/www.bootbemiddeling.nl\/wp-content\/uploads\/2020\/09\/boot-verkopen-header.jpg?id=300) !important;}\u00a0\u00bb][vc_column][\/vc_column][\/vc_row][vc_row css_animation=\u00a0\u00bb\u00a0\u00bb row_type=\u00a0\u00bbrow\u00a0\u00bb use_row_as_full_screen_section=\u00a0\u00bbno\u00a0\u00bb type=\u00a0\u00bbfull_width\u00a0\u00bb angled_section=\u00a0\u00bbno\u00a0\u00bb text_align=\u00a0\u00bbleft\u00a0\u00bb background_image_as_pattern=\u00a0\u00bbwithout_pattern\u00a0\u00bb css=\u00a0\u00bb.vc_custom_1569325532231{padding-top: 60px !important;padding-bottom: 60px !important;}\u00a0\u00bb z_index=\u00a0\u00bb\u00a0\u00bb][vc_column][vc_row_inner row_type=\u00a0\u00bbrow\u00a0\u00bb type=\u00a0\u00bbgrid\u00a0\u00bb text_align=\u00a0\u00bbleft\u00a0\u00bb css_animation=\u00a0\u00bb\u00a0\u00bb el_class=\u00a0\u00bbflex-this-content\u00a0\u00bb][vc_column_inner width=\u00a0\u00bb1\/2&Prime;][vc_single_image image=\u00a0\u00bb299&Prime; img_size=\u00a0\u00bbfull\u00a0\u00bb qode_css_animation=\u00a0\u00bb\u00a0\u00bb][\/vc_column_inner][vc_column_inner width=\u00a0\u00bb1\/2&Prime;][vc_column_text]<\/p>\n<h1>Vendre <span class=\"bolder-head\">votre bateau<\/span><\/h1>\n<p>[\/vc_column_text][vc_column_text]Bootbemiddeling.nl ne se contente pas de vendre rapidement et au juste prix. Nous vous aidons \u00e0 vendre votre bateau avec tout le soin et l\u2019attention que vous \u00eates en droit d\u2019attendre, en vous d\u00e9chargeant de tous les soucis. Gr\u00e2ce \u00e0 une pr\u00e9sentation visuelle \u00e0 360 degr\u00e9s et \u00e0 une publicit\u00e9 d\u2019envergure mondiale, nous veillons \u00e0 ce que votre bateau soit vu et \u00e0 ce que tous ses points forts soient mis en \u00e9vidence. Outre une large port\u00e9e, nous offrons \u00e9galement un accompagnement professionnel et personnalis\u00e9 pour les visites, la pr\u00e9paration \u00e0 la vente et le r\u00e8glement financier. En bref, chaque \u00e9tape du processus de vente est importante pour nous. Et c\u2019est pr\u00e9cis\u00e9ment ce parcours complet, de la premi\u00e8re rencontre avec vous et votre bateau \u00e0 la signature conjointe de la vente, qui nous rend si \u00e9troitement impliqu\u00e9s. Nous aimons apprendre \u00e0 vous conna\u00eetre, vous et votre bateau, afin de r\u00e9aliser une vente optimale et d\u2019\u00eatre pour vous un partenaire s\u00e9rieux et fiable avec lequel vous pouvez travailler en toute confiance et s\u00e9r\u00e9nit\u00e9.[\/vc_column_text][\/vc_column_inner][\/vc_row_inner][\/vc_column][\/vc_row][vc_row css_animation=\u00a0\u00bb\u00a0\u00bb row_type=\u00a0\u00bbrow\u00a0\u00bb use_row_as_full_screen_section=\u00a0\u00bbno\u00a0\u00bb type=\u00a0\u00bbfull_width\u00a0\u00bb angled_section=\u00a0\u00bbno\u00a0\u00bb text_align=\u00a0\u00bbleft\u00a0\u00bb background_image_as_pattern=\u00a0\u00bbwithout_pattern\u00a0\u00bb css=\u00a0\u00bb.vc_custom_1600085601726{padding-top: 60px !important;padding-bottom: 50px !important;background-color: #f5f5f5 !important;}\u00a0\u00bb z_index=\u00a0\u00bb\u00a0\u00bb][vc_column][vc_row_inner row_type=\u00a0\u00bbrow\u00a0\u00bb type=\u00a0\u00bbgrid\u00a0\u00bb text_align=\u00a0\u00bbcenter\u00a0\u00bb css_animation=\u00a0\u00bb\u00a0\u00bb css=\u00a0\u00bb.vc_custom_1600082571898{padding-bottom: 20px !important;}\u00a0\u00bb][vc_column_inner][vc_column_text]<\/p>\n<h2><span class=\"bolder-head\">Formulaire de vente de bateaux<\/span><\/h2>\n<p>[\/vc_column_text][\/vc_column_inner][\/vc_row_inner][vc_row_inner row_type=\u00a0\u00bbrow\u00a0\u00bb type=\u00a0\u00bbgrid\u00a0\u00bb text_align=\u00a0\u00bbleft\u00a0\u00bb css_animation=\u00a0\u00bb\u00a0\u00bb][vc_column_inner][vc_column_text el_class=\u00a0\u00bbmax-width-form\u00a0\u00bb]\n<div class=\"wpcf7 no-js\" id=\"wpcf7-f593-o1\" lang=\"nl-NL\" dir=\"ltr\" data-wpcf7-id=\"593\">\n<div class=\"screen-reader-response\"><p role=\"status\" aria-live=\"polite\" aria-atomic=\"true\"><\/p> <ul><\/ul><\/div>\n<form action=\"\/fr\/wp-json\/wp\/v2\/pages\/589#wpcf7-f593-o1\" method=\"post\" class=\"wpcf7-form init\" aria-label=\"Contactformulier\" enctype=\"multipart\/form-data\" novalidate=\"novalidate\" data-status=\"init\">\n<fieldset class=\"hidden-fields-container\"><input type=\"hidden\" name=\"_wpcf7\" value=\"593\" \/><input type=\"hidden\" name=\"_wpcf7_version\" value=\"6.1.1\" \/><input type=\"hidden\" name=\"_wpcf7_locale\" value=\"nl_NL\" \/><input type=\"hidden\" name=\"_wpcf7_unit_tag\" value=\"wpcf7-f593-o1\" \/><input type=\"hidden\" name=\"_wpcf7_container_post\" value=\"0\" \/><input type=\"hidden\" name=\"_wpcf7_posted_data_hash\" value=\"\" \/><input type=\"hidden\" name=\"_wpcf7_recaptcha_response\" value=\"\" \/>\n<\/fieldset>\n<h4>Vos coordonn\u00e9es\n<\/h4>\n<p><label> Pr\u00e9nom et nom de famille*<br \/>\n<span class=\"wpcf7-form-control-wrap\" data-name=\"uw-naam\"><input size=\"40\" maxlength=\"400\" class=\"wpcf7-form-control wpcf7-text wpcf7-validates-as-required\" aria-required=\"true\" aria-invalid=\"false\" value=\"\" type=\"text\" name=\"uw-naam\" \/><\/span> <\/label>\n<\/p>\n<p><label> Adresse e-mail<br \/>\n<span class=\"wpcf7-form-control-wrap\" data-name=\"uw-emailadres\"><input size=\"40\" maxlength=\"400\" class=\"wpcf7-form-control wpcf7-email wpcf7-validates-as-required wpcf7-text wpcf7-validates-as-email\" aria-required=\"true\" aria-invalid=\"false\" value=\"\" type=\"email\" name=\"uw-emailadres\" \/><\/span> <\/label>\n<\/p>\n<p><label> Num\u00e9ro de t\u00e9l\u00e9phone*<br \/>\n<span class=\"wpcf7-form-control-wrap\" data-name=\"uw-telefoonnummer\"><input size=\"40\" maxlength=\"400\" class=\"wpcf7-form-control wpcf7-tel wpcf7-validates-as-required wpcf7-text wpcf7-validates-as-tel\" aria-required=\"true\" aria-invalid=\"false\" value=\"\" type=\"tel\" name=\"uw-telefoonnummer\" \/><\/span><\/label>\n<\/p>\n<h4>Donn\u00e9es du bateau\n<\/h4>\n<p><label> Marque et type du bateau*<br \/>\n<span class=\"wpcf7-form-control-wrap\" data-name=\"merktype\"><input size=\"40\" maxlength=\"400\" class=\"wpcf7-form-control wpcf7-text wpcf7-validates-as-required\" aria-required=\"true\" aria-invalid=\"false\" value=\"\" type=\"text\" name=\"merktype\" \/><\/span> <\/label>\n<\/p>\n<p><label> Longueur*<br \/>\n<span class=\"wpcf7-form-control-wrap\" data-name=\"lengte\"><input size=\"40\" maxlength=\"400\" class=\"wpcf7-form-control wpcf7-text wpcf7-validates-as-required\" aria-required=\"true\" aria-invalid=\"false\" value=\"\" type=\"text\" name=\"lengte\" \/><\/span> <\/label>\n<\/p>\n<p><label> Ann\u00e9e de construction*<br \/>\n<span class=\"wpcf7-form-control-wrap\" data-name=\"bouwjaar\"><input size=\"40\" maxlength=\"400\" class=\"wpcf7-form-control wpcf7-text wpcf7-validates-as-required\" aria-required=\"true\" aria-invalid=\"false\" value=\"\" type=\"text\" name=\"bouwjaar\" \/><\/span> <\/label>\n<\/p>\n<p><label> Indication du prix<br \/>\n<span class=\"wpcf7-form-control-wrap\" data-name=\"prijsindicatie\"><input size=\"40\" maxlength=\"400\" class=\"wpcf7-form-control wpcf7-text\" aria-invalid=\"false\" value=\"\" type=\"text\" name=\"prijsindicatie\" \/><\/span> <\/label>\n<\/p>\n<h4>Donn\u00e9es du bateau\n<\/h4>\n<p><label> T\u00e9l\u00e9chargez une photo du bateau<br \/>\n<span class=\"wpcf7-form-control-wrap inkoopinruilfotos\" style=\"position: static;\"><input size=\"40\" class=\"wpcf7-form-control wpcf7-dropuploader\" accept=\"image\/gif,image\/png,image\/jpeg,image\/jpeg\" data-maxfilesize=\"1500000\" aria-invalid=\"false\" type=\"file\" name=\"inkoopinruilfotos[]\" multiple=\"multiple\" data-count=\"1\" \/><\/span> <\/label>\n<\/p>\n<p><label> Remarques<br \/>\n<span class=\"wpcf7-form-control-wrap\" data-name=\"bericht\"><textarea cols=\"40\" rows=\"10\" maxlength=\"2000\" class=\"wpcf7-form-control wpcf7-textarea\" aria-invalid=\"false\" name=\"bericht\"><\/textarea><\/span> <\/label>\n<\/p>\n\n<p><input class=\"wpcf7-form-control wpcf7-submit has-spinner\" type=\"submit\" value=\"Envoyer\" \/>\n<\/p><input type='hidden' class='wpcf7-pum' value='{\"closepopup\":false,\"closedelay\":0,\"openpopup\":false,\"openpopup_id\":0}' \/><div class=\"wpcf7-response-output\" aria-hidden=\"true\"><\/div>\n<\/form>\n<\/div>\n[\/vc_column_text][\/vc_column_inner][\/vc_row_inner][\/vc_column][\/vc_row]<\/p>\n<\/section>","protected":false},"excerpt":{"rendered":"<p>[vc_row css_animation=\u00a0\u00bb\u00a0\u00bb row_type=\u00a0\u00bbrow\u00a0\u00bb use_row_as_full_screen_section=\u00a0\u00bbno\u00a0\u00bb type=\u00a0\u00bbfull_width\u00a0\u00bb angled_section=\u00a0\u00bbno\u00a0\u00bb text_align=\u00a0\u00bbleft\u00a0\u00bb background_image_as_pattern=\u00a0\u00bbwithout_pattern\u00a0\u00bb el_class=\u00a0\u00bbmin-height-header\u00a0\u00bb z_index=\u00a0\u00bb\u00a0\u00bb css=\u00a0\u00bb.vc_custom_1600084418475{background-image: url(https:\/\/www.bootbemiddeling.nl\/wp-content\/uploads\/2020\/09\/boot-verkopen-header.jpg?id=300) !important;}\u00a0\u00bb][vc_column][\/vc_column][\/vc_row][vc_row css_animation=\u00a0\u00bb\u00a0\u00bb row_type=\u00a0\u00bbrow\u00a0\u00bb use_row_as_full_screen_section=\u00a0\u00bbno\u00a0\u00bb type=\u00a0\u00bbfull_width\u00a0\u00bb angled_section=\u00a0\u00bbno\u00a0\u00bb text_align=\u00a0\u00bbleft\u00a0\u00bb background_image_as_pattern=\u00a0\u00bbwithout_pattern\u00a0\u00bb css=\u00a0\u00bb.vc_custom_1569325532231{padding-top: 60px !important;padding-bottom: 60px !important;}\u00a0\u00bb z_index=\u00a0\u00bb\u00a0\u00bb][vc_column][vc_row_inner row_type=\u00a0\u00bbrow\u00a0\u00bb type=\u00a0\u00bbgrid\u00a0\u00bb text_align=\u00a0\u00bbleft\u00a0\u00bb css_animation=\u00a0\u00bb\u00a0\u00bb el_class=\u00a0\u00bbflex-this-content\u00a0\u00bb][vc_column_inner width=\u00a0\u00bb1\/2&Prime;][vc_single_image image=\u00a0\u00bb299&Prime; img_size=\u00a0\u00bbfull\u00a0\u00bb qode_css_animation=\u00a0\u00bb\u00a0\u00bb][\/vc_column_inner][vc_column_inner width=\u00a0\u00bb1\/2&Prime;][vc_column_text] Vendre votre bateau [\/vc_column_text][vc_column_text]Bootbemiddeling.nl ne se contente pas de&#8230;<\/p>\n","protected":false},"author":4,"featured_media":0,"parent":0,"menu_order":0,"comment_status":"closed","ping_status":"closed","template":"full_width.php","meta":{"footnotes":""},"class_list":["post-589","page","type-page","status-publish","hentry"],"yoast_head":"<!-- This site is optimized with the Yoast SEO plugin v27.4 - https:\/\/yoast.com\/product\/yoast-seo-wordpress\/ -->\n<title>Vendez votre bateau sans soucis et au meilleur prix | Bootbemiddeling.nl<\/title>\n<meta name=\"description\" content=\"Vous souhaitez vendre votre bateau \u00e0 un bon prix de vente ? Bootbemiddeling est bien plus qu&#039;une simple vente rapide. Vendez votre bateau avec soin et attention.\" \/>\n<meta name=\"robots\" content=\"index, follow, max-snippet:-1, max-image-preview:large, max-video-preview:-1\" \/>\n<link rel=\"canonical\" href=\"https:\/\/www.bootbemiddeling.nl\/fr\/vendre-un-bateau\/\" \/>\n<meta property=\"og:locale\" content=\"fr_FR\" \/>\n<meta property=\"og:type\" content=\"article\" \/>\n<meta property=\"og:title\" content=\"Vendez votre bateau sans soucis et au meilleur prix | Bootbemiddeling.nl\" \/>\n<meta property=\"og:description\" content=\"Vous souhaitez vendre votre bateau \u00e0 un bon prix de vente ? Bootbemiddeling est bien plus qu&#039;une simple vente rapide. Vendez votre bateau avec soin et attention.\" \/>\n<meta property=\"og:url\" content=\"https:\/\/www.bootbemiddeling.nl\/fr\/vendre-un-bateau\/\" \/>\n<meta property=\"og:site_name\" content=\"Bootbemiddeling\" \/>\n<meta property=\"article:modified_time\" content=\"2021-06-22T11:59:25+00:00\" \/>\n<script type=\"application\/ld+json\" class=\"yoast-schema-graph\">{\"@context\":\"https:\\\/\\\/schema.org\",\"@graph\":[{\"@type\":\"WebPage\",\"@id\":\"https:\\\/\\\/www.bootbemiddeling.nl\\\/fr\\\/vendre-un-bateau\\\/\",\"url\":\"https:\\\/\\\/www.bootbemiddeling.nl\\\/fr\\\/vendre-un-bateau\\\/\",\"name\":\"Vendez votre bateau sans soucis et au meilleur prix | Bootbemiddeling.nl\",\"isPartOf\":{\"@id\":\"https:\\\/\\\/www.bootbemiddeling.nl\\\/#website\"},\"datePublished\":\"2020-09-14T11:32:35+00:00\",\"dateModified\":\"2021-06-22T11:59:25+00:00\",\"description\":\"Vous souhaitez vendre votre bateau \u00e0 un bon prix de vente ? Bootbemiddeling est bien plus qu'une simple vente rapide. Vendez votre bateau avec soin et attention.\",\"breadcrumb\":{\"@id\":\"https:\\\/\\\/www.bootbemiddeling.nl\\\/fr\\\/vendre-un-bateau\\\/#breadcrumb\"},\"inLanguage\":\"fr-FR\",\"potentialAction\":[{\"@type\":\"ReadAction\",\"target\":[\"https:\\\/\\\/www.bootbemiddeling.nl\\\/fr\\\/vendre-un-bateau\\\/\"]}]},{\"@type\":\"BreadcrumbList\",\"@id\":\"https:\\\/\\\/www.bootbemiddeling.nl\\\/fr\\\/vendre-un-bateau\\\/#breadcrumb\",\"itemListElement\":[{\"@type\":\"ListItem\",\"position\":1,\"name\":\"Home\",\"item\":\"https:\\\/\\\/www.bootbemiddeling.nl\\\/fr\\\/\"},{\"@type\":\"ListItem\",\"position\":2,\"name\":\"Vendre un bateau\"}]},{\"@type\":\"WebSite\",\"@id\":\"https:\\\/\\\/www.bootbemiddeling.nl\\\/#website\",\"url\":\"https:\\\/\\\/www.bootbemiddeling.nl\\\/\",\"name\":\"Bootbemiddeling\",\"description\":\"Wekelijks wisselend boten aanbod!\",\"publisher\":{\"@id\":\"https:\\\/\\\/www.bootbemiddeling.nl\\\/#organization\"},\"potentialAction\":[{\"@type\":\"SearchAction\",\"target\":{\"@type\":\"EntryPoint\",\"urlTemplate\":\"https:\\\/\\\/www.bootbemiddeling.nl\\\/?s={search_term_string}\"},\"query-input\":{\"@type\":\"PropertyValueSpecification\",\"valueRequired\":true,\"valueName\":\"search_term_string\"}}],\"inLanguage\":\"fr-FR\"},{\"@type\":\"Organization\",\"@id\":\"https:\\\/\\\/www.bootbemiddeling.nl\\\/#organization\",\"name\":\"Bootbemiddeling.nl\",\"url\":\"https:\\\/\\\/www.bootbemiddeling.nl\\\/\",\"logo\":{\"@type\":\"ImageObject\",\"inLanguage\":\"fr-FR\",\"@id\":\"https:\\\/\\\/www.bootbemiddeling.nl\\\/#\\\/schema\\\/logo\\\/image\\\/\",\"url\":\"https:\\\/\\\/www.bootbemiddeling.nl\\\/wp-content\\\/uploads\\\/2019\\\/09\\\/bootbemiddeling-logo-kleur-1.png\",\"contentUrl\":\"https:\\\/\\\/www.bootbemiddeling.nl\\\/wp-content\\\/uploads\\\/2019\\\/09\\\/bootbemiddeling-logo-kleur-1.png\",\"width\":275,\"height\":180,\"caption\":\"Bootbemiddeling.nl\"},\"image\":{\"@id\":\"https:\\\/\\\/www.bootbemiddeling.nl\\\/#\\\/schema\\\/logo\\\/image\\\/\"}}]}<\/script>\n<!-- \/ Yoast SEO plugin. -->","yoast_head_json":{"title":"Vendez votre bateau sans soucis et au meilleur prix | Bootbemiddeling.nl","description":"Vous souhaitez vendre votre bateau \u00e0 un bon prix de vente ? Bootbemiddeling est bien plus qu'une simple vente rapide. Vendez votre bateau avec soin et attention.","robots":{"index":"index","follow":"follow","max-snippet":"max-snippet:-1","max-image-preview":"max-image-preview:large","max-video-preview":"max-video-preview:-1"},"canonical":"https:\/\/www.bootbemiddeling.nl\/fr\/vendre-un-bateau\/","og_locale":"fr_FR","og_type":"article","og_title":"Vendez votre bateau sans soucis et au meilleur prix | Bootbemiddeling.nl","og_description":"Vous souhaitez vendre votre bateau \u00e0 un bon prix de vente ? Bootbemiddeling est bien plus qu'une simple vente rapide. Vendez votre bateau avec soin et attention.","og_url":"https:\/\/www.bootbemiddeling.nl\/fr\/vendre-un-bateau\/","og_site_name":"Bootbemiddeling","article_modified_time":"2021-06-22T11:59:25+00:00","schema":{"@context":"https:\/\/schema.org","@graph":[{"@type":"WebPage","@id":"https:\/\/www.bootbemiddeling.nl\/fr\/vendre-un-bateau\/","url":"https:\/\/www.bootbemiddeling.nl\/fr\/vendre-un-bateau\/","name":"Vendez votre bateau sans soucis et au meilleur prix | Bootbemiddeling.nl","isPartOf":{"@id":"https:\/\/www.bootbemiddeling.nl\/#website"},"datePublished":"2020-09-14T11:32:35+00:00","dateModified":"2021-06-22T11:59:25+00:00","description":"Vous souhaitez vendre votre bateau \u00e0 un bon prix de vente ? Bootbemiddeling est bien plus qu'une simple vente rapide. Vendez votre bateau avec soin et attention.","breadcrumb":{"@id":"https:\/\/www.bootbemiddeling.nl\/fr\/vendre-un-bateau\/#breadcrumb"},"inLanguage":"fr-FR","potentialAction":[{"@type":"ReadAction","target":["https:\/\/www.bootbemiddeling.nl\/fr\/vendre-un-bateau\/"]}]},{"@type":"BreadcrumbList","@id":"https:\/\/www.bootbemiddeling.nl\/fr\/vendre-un-bateau\/#breadcrumb","itemListElement":[{"@type":"ListItem","position":1,"name":"Home","item":"https:\/\/www.bootbemiddeling.nl\/fr\/"},{"@type":"ListItem","position":2,"name":"Vendre un bateau"}]},{"@type":"WebSite","@id":"https:\/\/www.bootbemiddeling.nl\/#website","url":"https:\/\/www.bootbemiddeling.nl\/","name":"Bootbemiddeling","description":"Wekelijks wisselend boten aanbod!","publisher":{"@id":"https:\/\/www.bootbemiddeling.nl\/#organization"},"potentialAction":[{"@type":"SearchAction","target":{"@type":"EntryPoint","urlTemplate":"https:\/\/www.bootbemiddeling.nl\/?s={search_term_string}"},"query-input":{"@type":"PropertyValueSpecification","valueRequired":true,"valueName":"search_term_string"}}],"inLanguage":"fr-FR"},{"@type":"Organization","@id":"https:\/\/www.bootbemiddeling.nl\/#organization","name":"Bootbemiddeling.nl","url":"https:\/\/www.bootbemiddeling.nl\/","logo":{"@type":"ImageObject","inLanguage":"fr-FR","@id":"https:\/\/www.bootbemiddeling.nl\/#\/schema\/logo\/image\/","url":"https:\/\/www.bootbemiddeling.nl\/wp-content\/uploads\/2019\/09\/bootbemiddeling-logo-kleur-1.png","contentUrl":"https:\/\/www.bootbemiddeling.nl\/wp-content\/uploads\/2019\/09\/bootbemiddeling-logo-kleur-1.png","width":275,"height":180,"caption":"Bootbemiddeling.nl"},"image":{"@id":"https:\/\/www.bootbemiddeling.nl\/#\/schema\/logo\/image\/"}}]}},"_links":{"self":[{"href":"https:\/\/www.bootbemiddeling.nl\/fr\/wp-json\/wp\/v2\/pages\/589","targetHints":{"allow":["GET"]}}],"collection":[{"href":"https:\/\/www.bootbemiddeling.nl\/fr\/wp-json\/wp\/v2\/pages"}],"about":[{"href":"https:\/\/www.bootbemiddeling.nl\/fr\/wp-json\/wp\/v2\/types\/page"}],"author":[{"embeddable":true,"href":"https:\/\/www.bootbemiddeling.nl\/fr\/wp-json\/wp\/v2\/users\/4"}],"replies":[{"embeddable":true,"href":"https:\/\/www.bootbemiddeling.nl\/fr\/wp-json\/wp\/v2\/comments?post=589"}],"version-history":[{"count":4,"href":"https:\/\/www.bootbemiddeling.nl\/fr\/wp-json\/wp\/v2\/pages\/589\/revisions"}],"predecessor-version":[{"id":594,"href":"https:\/\/www.bootbemiddeling.nl\/fr\/wp-json\/wp\/v2\/pages\/589\/revisions\/594"}],"wp:attachment":[{"href":"https:\/\/www.bootbemiddeling.nl\/fr\/wp-json\/wp\/v2\/media?parent=589"}],"curies":[{"name":"wp","href":"https:\/\/api.w.org\/{rel}","templated":true}]}}